{"id":286,"date":"2024-06-14T14:52:34","date_gmt":"2024-06-14T11:52:34","guid":{"rendered":"https:\/\/arshame.fi\/ihmisenpaikka\/?page_id=286"},"modified":"2024-08-17T13:26:56","modified_gmt":"2024-08-17T10:26:56","slug":"yhteystiedot","status":"publish","type":"page","link":"https:\/\/arshame.fi\/ihmisenpaikka\/?page_id=286","title":{"rendered":"Yhteystiedot"},"content":{"rendered":"\n<p><strong>IHMISEN PAIKKA<br>29.6.-25.8.24<\/strong><\/p>\n\n\n\n<p>Avoinna ke-su 11-17<br><br><b>H\u00e4meenlinnan linja-autoasema<\/b>, (Etel\u00e4katu 1, 13100 H\u00e4meenlinna)<br><b>Taidehalli H\u00e4me<\/b>, (Hallituskatu 14, 13100 H\u00e4meenlinna)<\/p>\n\n\n\n<p>Lis\u00e4tietoja:<br><a href=\"https:\/\/arshame.fi\/\" data-type=\"link\" data-id=\"https:\/\/arshame.fi\/\" target=\"_blank\" rel=\"noreferrer noopener\">arshame.fi<\/a><br><a href=\"https:\/\/taidehallihame.fi\/\" data-type=\"link\" data-id=\"https:\/\/taidehallihame.fi\/\" target=\"_blank\" rel=\"noreferrer noopener\">taidehallihame.fi<\/a><\/p>\n\n\n<div class=\"wp-block-image\">\n<figure class=\"alignleft size-large is-resized\"><img loading=\"lazy\" decoding=\"async\" width=\"723\" height=\"1024\" src=\"https:\/\/arshame.fi\/ihmisenpaikka\/wp-content\/uploads\/2024\/06\/Ihmisen_Paikka_Kartta_Uusi-723x1024.jpg\" alt=\"\" class=\"wp-image-306\" style=\"width:335px;height:auto\" srcset=\"https:\/\/arshame.fi\/ihmisenpaikka\/wp-content\/uploads\/2024\/06\/Ihmisen_Paikka_Kartta_Uusi-723x1024.jpg 723w, https:\/\/arshame.fi\/ihmisenpaikka\/wp-content\/uploads\/2024\/06\/Ihmisen_Paikka_Kartta_Uusi-212x300.jpg 212w, https:\/\/arshame.fi\/ihmisenpaikka\/wp-content\/uploads\/2024\/06\/Ihmisen_Paikka_Kartta_Uusi-768x1087.jpg 768w, https:\/\/arshame.fi\/ihmisenpaikka\/wp-content\/uploads\/2024\/06\/Ihmisen_Paikka_Kartta_Uusi.jpg 1080w\" sizes=\"auto, (max-width: 723px) 100vw, 723px\" \/><\/figure>\n<\/div>","protected":false},"excerpt":{"rendered":"<p>IHMISEN PAIKKA29.6.-25.8.24 Avoinna ke-su 11-17 H\u00e4meenlinnan linja-autoasema, (Etel\u00e4katu 1, 13100 H\u00e4meenlinna)Taidehalli H\u00e4me, (Hallituskatu 14, 13100 H\u00e4meenlinna) Lis\u00e4tietoja:arshame.fitaidehallihame.fi<\/p>\n","protected":false},"author":1,"featured_media":0,"parent":0,"menu_order":0,"comment_status":"closed","ping_status":"closed","template":"","meta":{"footnotes":""},"class_list":["post-286","page","type-page","status-publish","czr-hentry"],"_links":{"self":[{"href":"https:\/\/arshame.fi\/ihmisenpaikka\/index.php?rest_route=\/wp\/v2\/pages\/286","targetHints":{"allow":["GET"]}}],"collection":[{"href":"https:\/\/arshame.fi\/ihmisenpaikka\/index.php?rest_route=\/wp\/v2\/pages"}],"about":[{"href":"https:\/\/arshame.fi\/ihmisenpaikka\/index.php?rest_route=\/wp\/v2\/types\/page"}],"author":[{"embeddable":true,"href":"https:\/\/arshame.fi\/ihmisenpaikka\/index.php?rest_route=\/wp\/v2\/users\/1"}],"replies":[{"embeddable":true,"href":"https:\/\/arshame.fi\/ihmisenpaikka\/index.php?rest_route=%2Fwp%2Fv2%2Fcomments&post=286"}],"version-history":[{"count":20,"href":"https:\/\/arshame.fi\/ihmisenpaikka\/index.php?rest_route=\/wp\/v2\/pages\/286\/revisions"}],"predecessor-version":[{"id":370,"href":"https:\/\/arshame.fi\/ihmisenpaikka\/index.php?rest_route=\/wp\/v2\/pages\/286\/revisions\/370"}],"wp:attachment":[{"href":"https:\/\/arshame.fi\/ihmisenpaikka\/index.php?rest_route=%2Fwp%2Fv2%2Fmedia&parent=286"}],"curies":[{"name":"wp","href":"https:\/\/api.w.org\/{rel}","templated":true}]}}