{"id":94,"date":"2024-06-12T12:12:28","date_gmt":"2024-06-12T09:12:28","guid":{"rendered":"https:\/\/arshame.fi\/ihmisenpaikka\/?page_id=94"},"modified":"2024-08-17T13:25:03","modified_gmt":"2024-08-17T10:25:03","slug":"ihmisen-paikka","status":"publish","type":"page","link":"https:\/\/arshame.fi\/ihmisenpaikka\/?page_id=94","title":{"rendered":"Tiedote"},"content":{"rendered":"\n<p><strong>IHMISEN PAIKKA<br>29.6.-25.8.24<br>H\u00e4meenlinnan linja-autoasema (Etel\u00e4katu 1, 13100 H\u00e4meenlinna) &amp; Taidehalli H\u00e4me (Hallituskatu 14, 13100 H\u00e4meenlinna)<\/strong><\/p>\n\n\n\n<p>Avajaiset pe 28.6.2024 klo 18-20, Linja-autoasema<br>Avoinna ke-su 11-17<\/p>\n\n\n\n<p>Ars H\u00e4meen j\u00e4rjest\u00e4m\u00e4n kuratoidun, H\u00e4meenlinnan linja-autoasemalle ja Taidehalli H\u00e4meeseen jakautuvan kes\u00e4n\u00e4yttelyn teema on ihmisen paikan pohtiminen.<\/p>\n\n\n\n<p>N\u00e4yttelyn teokset pohtivat ihmisen paikkaa maailmassa, mit\u00e4 leimaa inhimillinen ep\u00e4varmuus, kauneus ja hauraus. Taide on tapa tarkastella n\u00e4it\u00e4 t\u00e4\u00e4ll\u00e4oloon liittyvi\u00e4 merkityksi\u00e4 esteettisen kokemuksen avulla, tekem\u00e4ll\u00e4 kirjaimellisesti abstrakti sosiaalinen todellisuus n\u00e4kyv\u00e4ksi.<\/p>\n\n\n\n<p>N\u00e4yttely kokoaa yhteen taiteilijoita, joiden ty\u00f6skentely\u00e4 ilment\u00e4\u00e4 mielt\u00e4 ravistava ihmetys olemisen ihmeen edess\u00e4. N\u00e4yttelyn taiteilijoilla t\u00e4m\u00e4 tarkoittaa esimerkiksi ihmisen luontosuhteen pohtimista, kielen merkityksen k\u00e4sittelemist\u00e4 tai absurdia tragikoomisuutta; mik\u00e4 heijastaa olemisemme erikoista luonnetta.<\/p>\n\n\n\n<p>N\u00e4yttelyn teokset k\u00e4sittelev\u00e4t teemaa erityisesti (1)tilan kokemisen kautta ja (2)ihmisen merkin kautta. Tila ja paikka tarkoittaa olemisen n\u00e4ytt\u00e4m\u00f6\u00e4; el\u00e4mismaailmaamme ja v\u00e4lit\u00f6nt\u00e4 ekologista ymp\u00e4rist\u00f6\u00e4mme, jonka erottamaton osa olemme. Taideteoksissa ihmisen kuva puolestaan toimii vertauskuvallisena keinona, jolla olemme ilmaisseet &#8211; aina luolamaalauksista t\u00e4h\u00e4n p\u00e4iv\u00e4\u00e4n asti &#8211; olemiseen liittyvi\u00e4 kysymyksi\u00e4. Valittuja taiteilijoita yhdist\u00e4\u00e4 pitk\u00e4lle kehitetty tekninen ja aistivoimainen ilmaisu, mik\u00e4 heijastaa heid\u00e4n syv\u00e4llist\u00e4 ajattelua.<\/p>\n\n\n\n<p><strong>H\u00c4MEENLINNAN LINJA-AUTOASEMA<\/strong>:<br><a href=\"https:\/\/www.frankbrummel.com\/\" target=\"_blank\" rel=\"noreferrer noopener\">FRANK BR\u00dcMMEL<\/a><br><a href=\"https:\/\/www.kaisaleenahalinen.fi\/\" target=\"_blank\" rel=\"noreferrer noopener\">KAISALEENA HALINEN<\/a><br><a href=\"https:\/\/kuvataiteilijamatrikkeli.fi\/taiteilija\/jari-mannisto\" target=\"_blank\" rel=\"noreferrer noopener\">JARI M\u00c4NNIST\u00d6<\/a><br><a href=\"http:\/\/sirkkurosi.com\/\" target=\"_blank\" rel=\"noreferrer noopener\">SIRKKU ROSI<\/a><br><a href=\"https:\/\/www.nikoskorpio.net\/\" target=\"_blank\" rel=\"noreferrer noopener\">NIKO SKORPIO<\/a><br><a href=\"https:\/\/juha-saaski.fi\/\" target=\"_blank\" rel=\"noreferrer noopener\">JUHA S\u00c4\u00c4SKI<\/a><br><a href=\"https:\/\/anhava.com\/artists\/paivi-takala\/\" target=\"_blank\" rel=\"noreferrer noopener\">P\u00c4IVI TAKALA<\/a><\/p>\n\n\n\n<p><strong>TAIDEHALLI H\u00c4ME:<\/strong><br><a href=\"https:\/\/kuvataiteilijamatrikkeli.fi\/taiteilija\/markus-heikkero\" target=\"_blank\" rel=\"noreferrer noopener\">MARKUS HEIKKER\u00d6<\/a><br><a href=\"https:\/\/www.sallalaurinolli.com\/\" target=\"_blank\" rel=\"noreferrer noopener\">SALLA LAURINOLLI<\/a><br><a href=\"https:\/\/juusonoronkoski.com\/\" target=\"_blank\" rel=\"noreferrer noopener\">JUUSO NORONKOSKI<\/a><br><a href=\"https:\/\/simoripatti.com\/\" target=\"_blank\" rel=\"noreferrer noopener\">SIMO RIPATTI<\/a><br><a href=\"https:\/\/www.anniinavainionpaa.fi\/\" target=\"_blank\" rel=\"noreferrer noopener\">ANNIINA VAINIONP\u00c4\u00c4<\/a><\/p>\n\n\n\n<p>Kuraattori:&nbsp;<a href=\"https:\/\/karivehosalo.com\/\" target=\"_blank\" rel=\"noreferrer noopener\">KARI VEHOSALO<\/a><\/p>\n","protected":false},"excerpt":{"rendered":"<p>IHMISEN PAIKKA29.6.-25.8.24H\u00e4meenlinnan linja-autoasema (Etel\u00e4katu 1, 13100 H\u00e4meenlinna) &amp; Taidehalli H\u00e4me (Hallituskatu 14, 13100 H\u00e4meenlinna) Avajaiset pe 28.6.2024 klo 18-20, Linja-autoasemaAvoinna ke-su 11-17 Ars H\u00e4meen j\u00e4rjest\u00e4m\u00e4n kuratoidun, H\u00e4meenlinnan linja-autoasemalle ja Taidehalli H\u00e4meeseen jakautuvan kes\u00e4n\u00e4yttelyn teema on ihmisen paikan pohtiminen. N\u00e4yttelyn teokset pohtivat ihmisen paikkaa maailmassa, mit\u00e4 leimaa inhimillinen ep\u00e4varmuus, kauneus ja hauraus. Taide on tapa tarkastella [&hellip;]<\/p>\n","protected":false},"author":1,"featured_media":0,"parent":0,"menu_order":0,"comment_status":"closed","ping_status":"closed","template":"","meta":{"footnotes":""},"class_list":["post-94","page","type-page","status-publish","czr-hentry"],"_links":{"self":[{"href":"https:\/\/arshame.fi\/ihmisenpaikka\/index.php?rest_route=\/wp\/v2\/pages\/94","targetHints":{"allow":["GET"]}}],"collection":[{"href":"https:\/\/arshame.fi\/ihmisenpaikka\/index.php?rest_route=\/wp\/v2\/pages"}],"about":[{"href":"https:\/\/arshame.fi\/ihmisenpaikka\/index.php?rest_route=\/wp\/v2\/types\/page"}],"author":[{"embeddable":true,"href":"https:\/\/arshame.fi\/ihmisenpaikka\/index.php?rest_route=\/wp\/v2\/users\/1"}],"replies":[{"embeddable":true,"href":"https:\/\/arshame.fi\/ihmisenpaikka\/index.php?rest_route=%2Fwp%2Fv2%2Fcomments&post=94"}],"version-history":[{"count":9,"href":"https:\/\/arshame.fi\/ihmisenpaikka\/index.php?rest_route=\/wp\/v2\/pages\/94\/revisions"}],"predecessor-version":[{"id":367,"href":"https:\/\/arshame.fi\/ihmisenpaikka\/index.php?rest_route=\/wp\/v2\/pages\/94\/revisions\/367"}],"wp:attachment":[{"href":"https:\/\/arshame.fi\/ihmisenpaikka\/index.php?rest_route=%2Fwp%2Fv2%2Fmedia&parent=94"}],"curies":[{"name":"wp","href":"https:\/\/api.w.org\/{rel}","templated":true}]}}